{"id":3419,"date":"2021-10-05T06:43:52","date_gmt":"2021-10-05T06:43:52","guid":{"rendered":"https:\/\/eing.co.rs\/?page_id=3419"},"modified":"2021-10-18T08:23:13","modified_gmt":"2021-10-18T08:23:13","slug":"otprasivanje-i-pneumatski-transport","status":"publish","type":"page","link":"https:\/\/eing.co.rs\/en\/otprasivanje-i-pneumatski-transport\/","title":{"rendered":"Dedusting and pneumatic transport"},"content":{"rendered":"<div data-vc-full-width=\"true\" data-vc-full-width-init=\"false\" class=\"tm-row wpb_row vc_row-fluid vc_custom_1633414243240 tm-responsive-custom-48931351 vc_row-has-fill break-991-colum tm-zindex-0 tm-bgimage-position-right_bottom tm-bg tm-bgimage-yes\">\n\n\t\t\t<div class=\"tm-row-wrapper-bg-layer tm-bg-layer\"><\/div><!-- ThemetechMount custom DIV added -->\n\t\t\n\t <div class=\"vc_row container vc_row-o-equal-height vc_row-flex\"> \t\n\t\t\n\n<div class=\"wpb_column tm-column vc_column_container vc_col-sm-12 tm-zindex-0 margin-15px-991-colum\">\n\t<div class=\"vc_column-inner vc_custom_1547037040340 tm-responsive-custom-98608335\">\n\t\t\t\t<div class=\"wpb_wrapper\">\n\t\t\t\n<div class=\"tm-row-inner vc_row wpb_row vc_inner vc_row-fluid tm-zindex-0\">\n\t\n<div class=\"wpb_column tm-column-inner vc_column_container vc_col-sm-12 tm-zindex-0\">\n\t<div class=\"vc_column-inner vc_custom_1547028243788\">\n\t\t \n\t\t<div class=\"wpb_wrapper\">\n\t\t\t<div class=\"tm-element-heading-wrapper tm-heading-inner tm-element-align-left tm-seperator-none tm-heading-style-vertical\"><section class=\"tm-vc_cta3-container\"><div class=\"tm-vc_general tm-vc_cta3 tm-cta3-only tm-vc_cta3-style-classic tm-vc_cta3-shape-rounded tm-vc_cta3-align-left tm-vc_cta3-color-transparent tm-vc_cta3-icon-size-md tm-vc_cta3-actions-no tm-cta3-with-desc\"><div class=\"tm-vc_cta3_content-container\"><div class=\"tm-vc_cta3-content\"><header class=\"tm-vc_cta3-content-header tm-wrap\"><div class=\"tm-vc_cta3-headers tm-wrap-cell\"><h4 class=\"tm-custom-heading\" >EING - SMEDEREVO - PRODUCTION PROGRAM<\/h4>\n<h2 class=\"tm-custom-heading\" >Dedusting and pneumatic transport<\/h2>\n<\/div><div class=\"heading-seperator\"><span><\/span><\/div><\/header><div class=\"tm-cta3-content-wrapper\">\n<div class=\"lead\">\n<div class=\"lead\">\n<p>The company EING deals with solving the problem of dedusting and pneumatic transport of powdery materials.<\/p>\n<\/div>\n<\/div>\n<p><\/div><\/div><\/div><\/div><\/section><\/div> <!-- .tm-element-heading-wrapper container --> \t\t<\/div>\n\t<\/div>\n<\/div>\n\n<\/div>\n\n\n<div class=\"tm-row-inner vc_row wpb_row vc_inner vc_row-fluid tm-zindex-0\">\n\t\n<div class=\"wpb_column tm-column-inner vc_column_container vc_col-sm-12 tm-zindex-0\">\n\t<div class=\"vc_column-inner vc_custom_1547035552256\">\n\t\t \n\t\t<div class=\"wpb_wrapper\">\n\t\t\t<div class=\"vc_separator wpb_content_element vc_separator_align_center vc_sep_width_100 vc_sep_pos_align_center vc_separator_no_text vc_custom_1547035591048  vc_custom_1547035591048\" ><span class=\"vc_sep_holder vc_sep_holder_l\"><span  style=\"border-color:#f2f2f2;\" class=\"vc_sep_line\"><\/span><\/span><span class=\"vc_sep_holder vc_sep_holder_r\"><span  style=\"border-color:#f2f2f2;\" class=\"vc_sep_line\"><\/span><\/span>\n<\/div>\t\t<\/div>\n\t<\/div>\n<\/div>\n\n<\/div>\n\n\t\t<\/div>\n\t<\/div>\n<\/div>\n\n\n\n\t\t\n\t <\/div> <\/div>\n\n\n<div class=\"vc_row-full-width vc_clearfix\"><\/div>\n\n\n\n\n\n\n\n\n<div data-vc-full-width=\"true\" data-vc-full-width-init=\"false\" class=\"tm-row wpb_row vc_row-fluid vc_custom_1633414188679 tm-responsive-custom-98417086 tm-zindex-0 tm-bgcolor-white tm-bgimage-position-center_center\">\n\n\t\t\n\t <div class=\"vc_row container\"> \t\n\t\t\n\n<div class=\"wpb_column tm-column vc_column_container vc_col-sm-12 tm-zindex-0\">\n\t<div class=\"vc_column-inner\">\n\t\t\t\t<div class=\"wpb_wrapper\">\n\t\t\t\n<div class=\"tm-row-inner vc_row wpb_row vc_inner vc_row-fluid tm-zindex-0\">\n\t\n<div class=\"wpb_column tm-column-inner vc_column_container vc_col-sm-6 tm-zindex-0\">\n\t<div class=\"vc_column-inner  tm-colum-shadow-box-inner tm-responsive-custom-72085418\">\n\t\t \n\t\t<div class=\"wpb_wrapper\">\n\t\t\t\n\t<div  class=\"wpb_single_image wpb_content_element vc_align_center  vc_custom_1633416584321\">\n\t\t\n\t\t<figure class=\"wpb_wrapper vc_figure\">\n\t\t\t<div class=\"vc_single_image-wrapper   vc_box_border_grey\"><img loading=\"lazy\" decoding=\"async\" width=\"590\" height=\"590\" src=\"https:\/\/eing.co.rs\/wp-content\/uploads\/2021\/10\/otprasivanje-i-pneumatski-transport-inner-01.jpg\" class=\"vc_single_image-img attachment-full\" alt=\"\" title=\"otprasivanje-i-pneumatski-transport-inner-01\" srcset=\"https:\/\/eing.co.rs\/wp-content\/uploads\/2021\/10\/otprasivanje-i-pneumatski-transport-inner-01.jpg 590w, https:\/\/eing.co.rs\/wp-content\/uploads\/2021\/10\/otprasivanje-i-pneumatski-transport-inner-01-300x300.jpg 300w, https:\/\/eing.co.rs\/wp-content\/uploads\/2021\/10\/otprasivanje-i-pneumatski-transport-inner-01-150x150.jpg 150w\" sizes=\"auto, (max-width: 590px) 100vw, 590px\" data-id=\"3420\" \/><\/div>\n\t\t<\/figure>\n\t<\/div>\n<div class=\"vc_empty_space\"   style=\"height: 17px\"><span class=\"vc_empty_space_inner\"><\/span><\/div><h5 style=\"text-align:center;\" class=\"tm-custom-heading\" >Dedusting of plants for the preparation of mineral raw materials<\/h5>\n<div class=\"vc_empty_space\"   style=\"height: 17px\"><span class=\"vc_empty_space_inner\"><\/span><\/div>\t\t<\/div>\n\t<\/div>\n<\/div>\n\n\n<div class=\"wpb_column tm-column-inner vc_column_container vc_col-sm-6 tm-zindex-0\">\n\t<div class=\"vc_column-inner  tm-colum-shadow-box-inner tm-responsive-custom-84163432\">\n\t\t \n\t\t<div class=\"wpb_wrapper\">\n\t\t\t\n\t<div  class=\"wpb_single_image wpb_content_element vc_align_center  vc_custom_1633416592759\">\n\t\t\n\t\t<figure class=\"wpb_wrapper vc_figure\">\n\t\t\t<div class=\"vc_single_image-wrapper   vc_box_border_grey\"><img loading=\"lazy\" decoding=\"async\" width=\"595\" height=\"595\" src=\"https:\/\/eing.co.rs\/wp-content\/uploads\/2021\/10\/otprasivanje-i-pneumatski-transport-inner-02.jpg\" class=\"vc_single_image-img attachment-full\" alt=\"\" title=\"otprasivanje-i-pneumatski-transport-inner-02\" srcset=\"https:\/\/eing.co.rs\/wp-content\/uploads\/2021\/10\/otprasivanje-i-pneumatski-transport-inner-02.jpg 595w, https:\/\/eing.co.rs\/wp-content\/uploads\/2021\/10\/otprasivanje-i-pneumatski-transport-inner-02-300x300.jpg 300w, https:\/\/eing.co.rs\/wp-content\/uploads\/2021\/10\/otprasivanje-i-pneumatski-transport-inner-02-150x150.jpg 150w\" sizes=\"auto, (max-width: 595px) 100vw, 595px\" data-id=\"3421\" \/><\/div>\n\t\t<\/figure>\n\t<\/div>\n<div class=\"vc_empty_space\"   style=\"height: 17px\"><span class=\"vc_empty_space_inner\"><\/span><\/div><h5 style=\"text-align:center;\" class=\"tm-custom-heading\" >Dedusting of plants for the micronization of limestone and eruptive materials<\/h5>\n<div class=\"vc_empty_space\"   style=\"height: 17px\"><span class=\"vc_empty_space_inner\"><\/span><\/div>\t\t<\/div>\n\t<\/div>\n<\/div>\n\n<\/div>\n\n\t\t<\/div>\n\t<\/div>\n<\/div>\n\n\n\n\t\t\n\t <\/div> <\/div>\n\n\n<div class=\"vc_row-full-width vc_clearfix\"><\/div>","protected":false},"excerpt":{"rendered":"EING - SMEDEREVO - PROIZVODNI PROGRAM Otpra\u0161ivanje i pneumatski transport Preduze\u0107e EING se bavi re\u0161avanjem problema otpra\u0161ivanja i pneumatskog transporta pra\u0161kastih materijala. Otpra\u0161ivanje postrojenja za pripremu mineralnih sirovina Otpra\u0161ivanje postrojenja za mikronizaciju kre\u010dnjaka i eruptivnih materijala","protected":false},"author":1,"featured_media":0,"parent":0,"menu_order":0,"comment_status":"closed","ping_status":"closed","template":"","meta":{"footnotes":""},"class_list":["post-3419","page","type-page","status-publish","hentry"],"yoast_head":"<!-- This site is optimized with the Yoast SEO plugin v17.9 - https:\/\/yoast.com\/wordpress\/plugins\/seo\/ -->\n<title>Otpra\u0161ivanje i pneumatski transport - EING - Smederevo<\/title>\n<meta name=\"description\" content=\"Preduze\u0107e EING se bavi re\u0161avanjem problema otpra\u0161ivanja i pneumatskog transporta pra\u0161kastih materijala.\" \/>\n<meta name=\"robots\" content=\"index, follow, max-snippet:-1, max-image-preview:large, max-video-preview:-1\" \/>\n<link rel=\"canonical\" href=\"https:\/\/eing.co.rs\/en\/otprasivanje-i-pneumatski-transport\/\" \/>\n<meta property=\"og:locale\" content=\"en_US\" \/>\n<meta property=\"og:type\" content=\"article\" \/>\n<meta property=\"og:title\" content=\"Otpra\u0161ivanje i pneumatski transport - EING - Smederevo\" \/>\n<meta property=\"og:description\" content=\"Preduze\u0107e EING se bavi re\u0161avanjem problema otpra\u0161ivanja i pneumatskog transporta pra\u0161kastih materijala.\" \/>\n<meta property=\"og:url\" content=\"https:\/\/eing.co.rs\/en\/otprasivanje-i-pneumatski-transport\/\" \/>\n<meta property=\"og:site_name\" content=\"EING - Smederevo\" \/>\n<meta property=\"article:modified_time\" content=\"2021-10-18T08:23:13+00:00\" \/>\n<meta name=\"twitter:card\" content=\"summary_large_image\" \/>\n<meta name=\"twitter:label1\" content=\"Est. reading time\" \/>\n\t<meta name=\"twitter:data1\" content=\"1 minute\" \/>\n<script type=\"application\/ld+json\" class=\"yoast-schema-graph\">{\"@context\":\"https:\/\/schema.org\",\"@graph\":[{\"@type\":\"WebSite\",\"@id\":\"https:\/\/eing.co.rs\/#website\",\"url\":\"https:\/\/eing.co.rs\/\",\"name\":\"EING - Smederevo\",\"description\":\"Dobrodo\\u0161li\",\"potentialAction\":[{\"@type\":\"SearchAction\",\"target\":{\"@type\":\"EntryPoint\",\"urlTemplate\":\"https:\/\/eing.co.rs\/?s={search_term_string}\"},\"query-input\":\"required name=search_term_string\"}],\"inLanguage\":\"en-US\"},{\"@type\":\"WebPage\",\"@id\":\"https:\/\/eing.co.rs\/otprasivanje-i-pneumatski-transport\/#webpage\",\"url\":\"https:\/\/eing.co.rs\/otprasivanje-i-pneumatski-transport\/\",\"name\":\"Otpra\\u0161ivanje i pneumatski transport - EING - Smederevo\",\"isPartOf\":{\"@id\":\"https:\/\/eing.co.rs\/#website\"},\"datePublished\":\"2021-10-05T06:43:52+00:00\",\"dateModified\":\"2021-10-18T08:23:13+00:00\",\"description\":\"Preduze\\u0107e EING se bavi re\\u0161avanjem problema otpra\\u0161ivanja i pneumatskog transporta pra\\u0161kastih materijala.\",\"breadcrumb\":{\"@id\":\"https:\/\/eing.co.rs\/otprasivanje-i-pneumatski-transport\/#breadcrumb\"},\"inLanguage\":\"en-US\",\"potentialAction\":[{\"@type\":\"ReadAction\",\"target\":[\"https:\/\/eing.co.rs\/otprasivanje-i-pneumatski-transport\/\"]}]},{\"@type\":\"BreadcrumbList\",\"@id\":\"https:\/\/eing.co.rs\/otprasivanje-i-pneumatski-transport\/#breadcrumb\",\"itemListElement\":[{\"@type\":\"ListItem\",\"position\":1,\"name\":\"Home\",\"item\":\"https:\/\/eing.co.rs\/\"},{\"@type\":\"ListItem\",\"position\":2,\"name\":\"Otpra\\u0161ivanje i pneumatski transport\"}]}]}<\/script>\n<!-- \/ Yoast SEO plugin. -->","yoast_head_json":{"title":"Otpra\u0161ivanje i pneumatski transport - EING - Smederevo","description":"Preduze\u0107e EING se bavi re\u0161avanjem problema otpra\u0161ivanja i pneumatskog transporta pra\u0161kastih materijala.","robots":{"index":"index","follow":"follow","max-snippet":"max-snippet:-1","max-image-preview":"max-image-preview:large","max-video-preview":"max-video-preview:-1"},"canonical":"https:\/\/eing.co.rs\/en\/otprasivanje-i-pneumatski-transport\/","og_locale":"en_US","og_type":"article","og_title":"Otpra\u0161ivanje i pneumatski transport - EING - Smederevo","og_description":"Preduze\u0107e EING se bavi re\u0161avanjem problema otpra\u0161ivanja i pneumatskog transporta pra\u0161kastih materijala.","og_url":"https:\/\/eing.co.rs\/en\/otprasivanje-i-pneumatski-transport\/","og_site_name":"EING - Smederevo","article_modified_time":"2021-10-18T08:23:13+00:00","twitter_card":"summary_large_image","twitter_misc":{"Est. reading time":"1 minute"},"schema":{"@context":"https:\/\/schema.org","@graph":[{"@type":"WebSite","@id":"https:\/\/eing.co.rs\/#website","url":"https:\/\/eing.co.rs\/","name":"EING - Smederevo","description":"Dobrodo\u0161li","potentialAction":[{"@type":"SearchAction","target":{"@type":"EntryPoint","urlTemplate":"https:\/\/eing.co.rs\/?s={search_term_string}"},"query-input":"required name=search_term_string"}],"inLanguage":"en-US"},{"@type":"WebPage","@id":"https:\/\/eing.co.rs\/otprasivanje-i-pneumatski-transport\/#webpage","url":"https:\/\/eing.co.rs\/otprasivanje-i-pneumatski-transport\/","name":"Otpra\u0161ivanje i pneumatski transport - EING - Smederevo","isPartOf":{"@id":"https:\/\/eing.co.rs\/#website"},"datePublished":"2021-10-05T06:43:52+00:00","dateModified":"2021-10-18T08:23:13+00:00","description":"Preduze\u0107e EING se bavi re\u0161avanjem problema otpra\u0161ivanja i pneumatskog transporta pra\u0161kastih materijala.","breadcrumb":{"@id":"https:\/\/eing.co.rs\/otprasivanje-i-pneumatski-transport\/#breadcrumb"},"inLanguage":"en-US","potentialAction":[{"@type":"ReadAction","target":["https:\/\/eing.co.rs\/otprasivanje-i-pneumatski-transport\/"]}]},{"@type":"BreadcrumbList","@id":"https:\/\/eing.co.rs\/otprasivanje-i-pneumatski-transport\/#breadcrumb","itemListElement":[{"@type":"ListItem","position":1,"name":"Home","item":"https:\/\/eing.co.rs\/"},{"@type":"ListItem","position":2,"name":"Otpra\u0161ivanje i pneumatski transport"}]}]}},"_links":{"self":[{"href":"https:\/\/eing.co.rs\/en\/wp-json\/wp\/v2\/pages\/3419","targetHints":{"allow":["GET"]}}],"collection":[{"href":"https:\/\/eing.co.rs\/en\/wp-json\/wp\/v2\/pages"}],"about":[{"href":"https:\/\/eing.co.rs\/en\/wp-json\/wp\/v2\/types\/page"}],"author":[{"embeddable":true,"href":"https:\/\/eing.co.rs\/en\/wp-json\/wp\/v2\/users\/1"}],"replies":[{"embeddable":true,"href":"https:\/\/eing.co.rs\/en\/wp-json\/wp\/v2\/comments?post=3419"}],"version-history":[{"count":3,"href":"https:\/\/eing.co.rs\/en\/wp-json\/wp\/v2\/pages\/3419\/revisions"}],"predecessor-version":[{"id":3424,"href":"https:\/\/eing.co.rs\/en\/wp-json\/wp\/v2\/pages\/3419\/revisions\/3424"}],"wp:attachment":[{"href":"https:\/\/eing.co.rs\/en\/wp-json\/wp\/v2\/media?parent=3419"}],"curies":[{"name":"wp","href":"https:\/\/api.w.org\/{rel}","templated":true}]}}