{"id":3400,"date":"2021-10-05T05:54:05","date_gmt":"2021-10-05T05:54:05","guid":{"rendered":"https:\/\/eing.co.rs\/?page_id=3400"},"modified":"2021-10-18T08:20:54","modified_gmt":"2021-10-18T08:20:54","slug":"postrojenja-za-zavrsne-radove-u-gradjevinarstvu","status":"publish","type":"page","link":"https:\/\/eing.co.rs\/en\/postrojenja-za-zavrsne-radove-u-gradjevinarstvu\/","title":{"rendered":"Installations for finishing works in construction"},"content":{"rendered":"<div data-vc-full-width=\"true\" data-vc-full-width-init=\"false\" class=\"tm-row wpb_row vc_row-fluid vc_custom_1633414243240 tm-responsive-custom-48931351 vc_row-has-fill break-991-colum tm-zindex-0 tm-bgimage-position-right_bottom tm-bg tm-bgimage-yes\">\n\n\t\t\t<div class=\"tm-row-wrapper-bg-layer tm-bg-layer\"><\/div><!-- ThemetechMount custom DIV added -->\n\t\t\n\t <div class=\"vc_row container vc_row-o-equal-height vc_row-flex\"> \t\n\t\t\n\n<div class=\"wpb_column tm-column vc_column_container vc_col-sm-12 tm-zindex-0 margin-15px-991-colum\">\n\t<div class=\"vc_column-inner vc_custom_1547037040340 tm-responsive-custom-98608335\">\n\t\t\t\t<div class=\"wpb_wrapper\">\n\t\t\t\n<div class=\"tm-row-inner vc_row wpb_row vc_inner vc_row-fluid tm-zindex-0\">\n\t\n<div class=\"wpb_column tm-column-inner vc_column_container vc_col-sm-12 tm-zindex-0\">\n\t<div class=\"vc_column-inner vc_custom_1547028243788\">\n\t\t \n\t\t<div class=\"wpb_wrapper\">\n\t\t\t<div class=\"tm-element-heading-wrapper tm-heading-inner tm-element-align-left tm-seperator-none tm-heading-style-vertical\"><section class=\"tm-vc_cta3-container\"><div class=\"tm-vc_general tm-vc_cta3 tm-cta3-only tm-vc_cta3-style-classic tm-vc_cta3-shape-rounded tm-vc_cta3-align-left tm-vc_cta3-color-transparent tm-vc_cta3-icon-size-md tm-vc_cta3-actions-no tm-cta3-with-desc\"><div class=\"tm-vc_cta3_content-container\"><div class=\"tm-vc_cta3-content\"><header class=\"tm-vc_cta3-content-header tm-wrap\"><div class=\"tm-vc_cta3-headers tm-wrap-cell\"><h4 class=\"tm-custom-heading\" >EING - SMEDEREVO - PRODUCTION PROGRAM<\/h4>\n<h2 class=\"tm-custom-heading\" >Plants for the production of materials for finishing works in construction<\/h2>\n<\/div><div class=\"heading-seperator\"><span><\/span><\/div><\/header><div class=\"tm-cta3-content-wrapper\">\n<div class=\"lead\">\n<p>The company EING provides complete engineering during the construction of facilities for the production of materials for finishing works in construction. This includes issuing technical documentation and manufacturing complete equipment and assembly according to the \"key in hands\" system.<\/p>\n<\/div>\n<p><\/div><\/div><\/div><\/div><\/section><\/div> <!-- .tm-element-heading-wrapper container --> \t\t<\/div>\n\t<\/div>\n<\/div>\n\n<\/div>\n\n\n<div class=\"tm-row-inner vc_row wpb_row vc_inner vc_row-fluid tm-zindex-0\">\n\t\n<div class=\"wpb_column tm-column-inner vc_column_container vc_col-sm-12 tm-zindex-0\">\n\t<div class=\"vc_column-inner vc_custom_1547035552256\">\n\t\t \n\t\t<div class=\"wpb_wrapper\">\n\t\t\t<div class=\"vc_separator wpb_content_element vc_separator_align_center vc_sep_width_100 vc_sep_pos_align_center vc_separator_no_text vc_custom_1547035591048  vc_custom_1547035591048\" ><span class=\"vc_sep_holder vc_sep_holder_l\"><span  style=\"border-color:#f2f2f2;\" class=\"vc_sep_line\"><\/span><\/span><span class=\"vc_sep_holder vc_sep_holder_r\"><span  style=\"border-color:#f2f2f2;\" class=\"vc_sep_line\"><\/span><\/span>\n<\/div>\t\t<\/div>\n\t<\/div>\n<\/div>\n\n<\/div>\n\n\t\t<\/div>\n\t<\/div>\n<\/div>\n\n\n\n\t\t\n\t <\/div> <\/div>\n\n\n<div class=\"vc_row-full-width vc_clearfix\"><\/div>\n\n\n\n\n\n\n\n\n<div data-vc-full-width=\"true\" data-vc-full-width-init=\"false\" class=\"tm-row wpb_row vc_row-fluid vc_custom_1633414188679 tm-responsive-custom-98417086 tm-zindex-0 tm-bgcolor-white tm-bgimage-position-center_center\">\n\n\t\t\n\t <div class=\"vc_row container\"> \t\n\t\t\n\n<div class=\"wpb_column tm-column vc_column_container vc_col-sm-12 tm-zindex-0\">\n\t<div class=\"vc_column-inner\">\n\t\t\t\t<div class=\"wpb_wrapper\">\n\t\t\t\n<div class=\"tm-row-inner vc_row wpb_row vc_inner vc_row-fluid tm-zindex-0\">\n\t\n<div class=\"wpb_column tm-column-inner vc_column_container vc_col-sm-6 tm-zindex-0\">\n\t<div class=\"vc_column-inner  tm-colum-shadow-box-inner tm-responsive-custom-72085418\">\n\t\t \n\t\t<div class=\"wpb_wrapper\">\n\t\t\t\n\t<div  class=\"wpb_single_image wpb_content_element vc_align_center  vc_custom_1633413443660\">\n\t\t\n\t\t<figure class=\"wpb_wrapper vc_figure\">\n\t\t\t<a href=\"#\" target=\"_self\" class=\"vc_single_image-wrapper   vc_box_border_grey\"><img loading=\"lazy\" decoding=\"async\" width=\"587\" height=\"587\" src=\"https:\/\/eing.co.rs\/wp-content\/uploads\/2021\/10\/postrojenja-za-proizvodnju-materijala-za-zavrsne-radove-u-gradjevinarstvu-01.jpg\" class=\"vc_single_image-img attachment-full\" alt=\"\" title=\"postrojenja-za-proizvodnju-materijala-za-zavrsne-radove-u-gradjevinarstvu-01\" srcset=\"https:\/\/eing.co.rs\/wp-content\/uploads\/2021\/10\/postrojenja-za-proizvodnju-materijala-za-zavrsne-radove-u-gradjevinarstvu-01.jpg 587w, https:\/\/eing.co.rs\/wp-content\/uploads\/2021\/10\/postrojenja-za-proizvodnju-materijala-za-zavrsne-radove-u-gradjevinarstvu-01-300x300.jpg 300w, https:\/\/eing.co.rs\/wp-content\/uploads\/2021\/10\/postrojenja-za-proizvodnju-materijala-za-zavrsne-radove-u-gradjevinarstvu-01-150x150.jpg 150w\" sizes=\"auto, (max-width: 587px) 100vw, 587px\" data-id=\"3401\" \/><\/a>\n\t\t<\/figure>\n\t<\/div>\n<div class=\"vc_empty_space\"   style=\"height: 17px\"><span class=\"vc_empty_space_inner\"><\/span><\/div><h5 style=\"text-align:center;\" class=\"tm-custom-heading\" >Plants for the production of adhesives and facade materials<\/h5>\n<div class=\"vc_empty_space\"   style=\"height: 17px\"><span class=\"vc_empty_space_inner\"><\/span><\/div>\t\t<\/div>\n\t<\/div>\n<\/div>\n\n\n<div class=\"wpb_column tm-column-inner vc_column_container vc_col-sm-6 tm-zindex-0\">\n\t<div class=\"vc_column-inner  tm-colum-shadow-box-inner tm-responsive-custom-84163432\">\n\t\t \n\t\t<div class=\"wpb_wrapper\">\n\t\t\t\n\t<div  class=\"wpb_single_image wpb_content_element vc_align_center  vc_custom_1633413665436\">\n\t\t\n\t\t<figure class=\"wpb_wrapper vc_figure\">\n\t\t\t<a href=\"#\" target=\"_self\" class=\"vc_single_image-wrapper   vc_box_border_grey\"><img loading=\"lazy\" decoding=\"async\" width=\"587\" height=\"593\" src=\"https:\/\/eing.co.rs\/wp-content\/uploads\/2021\/10\/postrojenja-za-proizvodnju-materijala-za-zavrsne-radove-u-gradjevinarstvu-02.jpg\" class=\"vc_single_image-img attachment-full\" alt=\"\" title=\"postrojenja-za-proizvodnju-materijala-za-zavrsne-radove-u-gradjevinarstvu-02\" srcset=\"https:\/\/eing.co.rs\/wp-content\/uploads\/2021\/10\/postrojenja-za-proizvodnju-materijala-za-zavrsne-radove-u-gradjevinarstvu-02.jpg 587w, https:\/\/eing.co.rs\/wp-content\/uploads\/2021\/10\/postrojenja-za-proizvodnju-materijala-za-zavrsne-radove-u-gradjevinarstvu-02-297x300.jpg 297w\" sizes=\"auto, (max-width: 587px) 100vw, 587px\" data-id=\"3405\" \/><\/a>\n\t\t<\/figure>\n\t<\/div>\n<div class=\"vc_empty_space\"   style=\"height: 17px\"><span class=\"vc_empty_space_inner\"><\/span><\/div><h5 style=\"text-align:center;\" class=\"tm-custom-heading\" >Plants for the production of mechanical mortars<\/h5>\n<div class=\"vc_empty_space\"   style=\"height: 17px\"><span class=\"vc_empty_space_inner\"><\/span><\/div>\t\t<\/div>\n\t<\/div>\n<\/div>\n\n<\/div>\n\n\n<div class=\"tm-row-inner vc_row wpb_row vc_inner vc_row-fluid vc_custom_1633414487176 tm-zindex-0\">\n\t\n<div class=\"wpb_column tm-column-inner vc_column_container vc_col-sm-6 tm-zindex-0\">\n\t<div class=\"vc_column-inner  tm-colum-shadow-box-inner tm-responsive-custom-72085418\">\n\t\t \n\t\t<div class=\"wpb_wrapper\">\n\t\t\t\n\t<div  class=\"wpb_single_image wpb_content_element vc_align_center  vc_custom_1633413903254\">\n\t\t\n\t\t<figure class=\"wpb_wrapper vc_figure\">\n\t\t\t<a href=\"#\" target=\"_self\" class=\"vc_single_image-wrapper   vc_box_border_grey\"><img loading=\"lazy\" decoding=\"async\" width=\"597\" height=\"597\" src=\"https:\/\/eing.co.rs\/wp-content\/uploads\/2021\/10\/postrojenja-za-proizvodnju-materijala-za-zavrsne-radove-u-gradjevinarstvu-03.jpg\" class=\"vc_single_image-img attachment-full\" alt=\"\" title=\"postrojenja-za-proizvodnju-materijala-za-zavrsne-radove-u-gradjevinarstvu-03\" srcset=\"https:\/\/eing.co.rs\/wp-content\/uploads\/2021\/10\/postrojenja-za-proizvodnju-materijala-za-zavrsne-radove-u-gradjevinarstvu-03.jpg 597w, https:\/\/eing.co.rs\/wp-content\/uploads\/2021\/10\/postrojenja-za-proizvodnju-materijala-za-zavrsne-radove-u-gradjevinarstvu-03-300x300.jpg 300w, https:\/\/eing.co.rs\/wp-content\/uploads\/2021\/10\/postrojenja-za-proizvodnju-materijala-za-zavrsne-radove-u-gradjevinarstvu-03-150x150.jpg 150w\" sizes=\"auto, (max-width: 597px) 100vw, 597px\" data-id=\"3406\" \/><\/a>\n\t\t<\/figure>\n\t<\/div>\n<div class=\"vc_empty_space\"   style=\"height: 17px\"><span class=\"vc_empty_space_inner\"><\/span><\/div><h5 style=\"text-align:center;\" class=\"tm-custom-heading\" >Plants for the production of dispersions and semi-dispersions<\/h5>\n<div class=\"vc_empty_space\"   style=\"height: 17px\"><span class=\"vc_empty_space_inner\"><\/span><\/div>\t\t<\/div>\n\t<\/div>\n<\/div>\n\n\n<div class=\"wpb_column tm-column-inner vc_column_container vc_col-sm-6 tm-zindex-0\">\n\t<div class=\"vc_column-inner  tm-colum-shadow-box-inner tm-responsive-custom-84163432\">\n\t\t \n\t\t<div class=\"wpb_wrapper\">\n\t\t\t\n\t<div  class=\"wpb_single_image wpb_content_element vc_align_center  vc_custom_1633413932130\">\n\t\t\n\t\t<figure class=\"wpb_wrapper vc_figure\">\n\t\t\t<a href=\"#\" target=\"_self\" class=\"vc_single_image-wrapper   vc_box_border_grey\"><img loading=\"lazy\" decoding=\"async\" width=\"591\" height=\"591\" src=\"https:\/\/eing.co.rs\/wp-content\/uploads\/2021\/10\/postrojenja-za-proizvodnju-materijala-za-zavrsne-radove-u-gradjevinarstvu-04.jpg\" class=\"vc_single_image-img attachment-full\" alt=\"\" title=\"postrojenja-za-proizvodnju-materijala-za-zavrsne-radove-u-gradjevinarstvu-04\" srcset=\"https:\/\/eing.co.rs\/wp-content\/uploads\/2021\/10\/postrojenja-za-proizvodnju-materijala-za-zavrsne-radove-u-gradjevinarstvu-04.jpg 591w, https:\/\/eing.co.rs\/wp-content\/uploads\/2021\/10\/postrojenja-za-proizvodnju-materijala-za-zavrsne-radove-u-gradjevinarstvu-04-300x300.jpg 300w, https:\/\/eing.co.rs\/wp-content\/uploads\/2021\/10\/postrojenja-za-proizvodnju-materijala-za-zavrsne-radove-u-gradjevinarstvu-04-150x150.jpg 150w\" sizes=\"auto, (max-width: 591px) 100vw, 591px\" data-id=\"3407\" \/><\/a>\n\t\t<\/figure>\n\t<\/div>\n<div class=\"vc_empty_space\"   style=\"height: 17px\"><span class=\"vc_empty_space_inner\"><\/span><\/div><h5 style=\"text-align:center;\" class=\"tm-custom-heading\" >Plants for the production of acrylic facades and liquid grouts<\/h5>\n<div class=\"vc_empty_space\"   style=\"height: 17px\"><span class=\"vc_empty_space_inner\"><\/span><\/div>\t\t<\/div>\n\t<\/div>\n<\/div>\n\n<\/div>\n\n\t\t<\/div>\n\t<\/div>\n<\/div>\n\n\n\n\t\t\n\t <\/div> <\/div>\n\n\n<div class=\"vc_row-full-width vc_clearfix\"><\/div>","protected":false},"excerpt":{"rendered":"EING - SMEDEREVO - PROIZVODNI PROGRAM Postrojenja za proizvodnju materijala za zavr\u0161ne radove u gradjevinarstvu Preduze\u0107e EING daje kompletan in\u017eenjering pri izgradnji postrojenja za proizvodnju materijala za zavr\u0161ne radove u gra\u0111evinarstvu. To podrazumeva izadu tehni\u010dke dokumentacije, izradu kompletne opreme i monta\u017eu po sistemu &#8222;klju\u010d u ruke&#8220;. Postrojenja za proizvodnju lepkova i fasadnih materijala Postrojenja za &hellip; <a href=\"https:\/\/eing.co.rs\/en\/postrojenja-za-zavrsne-radove-u-gradjevinarstvu\/\" class=\"more-link\">Continue reading <span class=\"screen-reader-text\">Installations for finishing works in construction<\/span><\/a>","protected":false},"author":1,"featured_media":0,"parent":0,"menu_order":0,"comment_status":"closed","ping_status":"closed","template":"","meta":{"footnotes":""},"class_list":["post-3400","page","type-page","status-publish","hentry"],"yoast_head":"<!-- This site is optimized with the Yoast SEO plugin v17.9 - https:\/\/yoast.com\/wordpress\/plugins\/seo\/ -->\n<title>Postrojenja za zavr\u0161ne radove u gradjevinarstvu - EING - Smederevo<\/title>\n<meta name=\"description\" content=\"Preduze\u0107e EING daje kompletan in\u017eenjering pri izgradnji postrojenja za proizvodnju materijala za zavr\u0161ne radove u gra\u0111evinarstvu. To podrazumeva izadu tehni\u010dke dokumentacije, izradu kompletne opreme i monta\u017eu po sistemu \u201cklju\u010d u ruke\u201d.\" \/>\n<meta name=\"robots\" content=\"index, follow, max-snippet:-1, max-image-preview:large, max-video-preview:-1\" \/>\n<link rel=\"canonical\" href=\"https:\/\/eing.co.rs\/en\/postrojenja-za-zavrsne-radove-u-gradjevinarstvu\/\" \/>\n<meta property=\"og:locale\" content=\"en_US\" \/>\n<meta property=\"og:type\" content=\"article\" \/>\n<meta property=\"og:title\" content=\"Postrojenja za zavr\u0161ne radove u gradjevinarstvu - EING - Smederevo\" \/>\n<meta property=\"og:description\" content=\"Preduze\u0107e EING daje kompletan in\u017eenjering pri izgradnji postrojenja za proizvodnju materijala za zavr\u0161ne radove u gra\u0111evinarstvu. To podrazumeva izadu tehni\u010dke dokumentacije, izradu kompletne opreme i monta\u017eu po sistemu \u201cklju\u010d u ruke\u201d.\" \/>\n<meta property=\"og:url\" content=\"https:\/\/eing.co.rs\/en\/postrojenja-za-zavrsne-radove-u-gradjevinarstvu\/\" \/>\n<meta property=\"og:site_name\" content=\"EING - Smederevo\" \/>\n<meta property=\"article:modified_time\" content=\"2021-10-18T08:20:54+00:00\" \/>\n<meta name=\"twitter:card\" content=\"summary_large_image\" \/>\n<meta name=\"twitter:label1\" content=\"Est. reading time\" \/>\n\t<meta name=\"twitter:data1\" content=\"1 minute\" \/>\n<script type=\"application\/ld+json\" class=\"yoast-schema-graph\">{\"@context\":\"https:\/\/schema.org\",\"@graph\":[{\"@type\":\"WebSite\",\"@id\":\"https:\/\/eing.co.rs\/#website\",\"url\":\"https:\/\/eing.co.rs\/\",\"name\":\"EING - Smederevo\",\"description\":\"Dobrodo\\u0161li\",\"potentialAction\":[{\"@type\":\"SearchAction\",\"target\":{\"@type\":\"EntryPoint\",\"urlTemplate\":\"https:\/\/eing.co.rs\/?s={search_term_string}\"},\"query-input\":\"required name=search_term_string\"}],\"inLanguage\":\"en-US\"},{\"@type\":\"WebPage\",\"@id\":\"https:\/\/eing.co.rs\/postrojenja-za-zavrsne-radove-u-gradjevinarstvu\/#webpage\",\"url\":\"https:\/\/eing.co.rs\/postrojenja-za-zavrsne-radove-u-gradjevinarstvu\/\",\"name\":\"Postrojenja za zavr\\u0161ne radove u gradjevinarstvu - EING - Smederevo\",\"isPartOf\":{\"@id\":\"https:\/\/eing.co.rs\/#website\"},\"datePublished\":\"2021-10-05T05:54:05+00:00\",\"dateModified\":\"2021-10-18T08:20:54+00:00\",\"description\":\"Preduze\\u0107e EING daje kompletan in\\u017eenjering pri izgradnji postrojenja za proizvodnju materijala za zavr\\u0161ne radove u gra\\u0111evinarstvu. To podrazumeva izadu tehni\\u010dke dokumentacije, izradu kompletne opreme i monta\\u017eu po sistemu \\u201cklju\\u010d u ruke\\u201d.\",\"breadcrumb\":{\"@id\":\"https:\/\/eing.co.rs\/postrojenja-za-zavrsne-radove-u-gradjevinarstvu\/#breadcrumb\"},\"inLanguage\":\"en-US\",\"potentialAction\":[{\"@type\":\"ReadAction\",\"target\":[\"https:\/\/eing.co.rs\/postrojenja-za-zavrsne-radove-u-gradjevinarstvu\/\"]}]},{\"@type\":\"BreadcrumbList\",\"@id\":\"https:\/\/eing.co.rs\/postrojenja-za-zavrsne-radove-u-gradjevinarstvu\/#breadcrumb\",\"itemListElement\":[{\"@type\":\"ListItem\",\"position\":1,\"name\":\"Home\",\"item\":\"https:\/\/eing.co.rs\/\"},{\"@type\":\"ListItem\",\"position\":2,\"name\":\"Postrojenja za zavr\\u0161ne radove u gradjevinarstvu\"}]}]}<\/script>\n<!-- \/ Yoast SEO plugin. -->","yoast_head_json":{"title":"Postrojenja za zavr\u0161ne radove u gradjevinarstvu - EING - Smederevo","description":"Preduze\u0107e EING daje kompletan in\u017eenjering pri izgradnji postrojenja za proizvodnju materijala za zavr\u0161ne radove u gra\u0111evinarstvu. To podrazumeva izadu tehni\u010dke dokumentacije, izradu kompletne opreme i monta\u017eu po sistemu \u201cklju\u010d u ruke\u201d.","robots":{"index":"index","follow":"follow","max-snippet":"max-snippet:-1","max-image-preview":"max-image-preview:large","max-video-preview":"max-video-preview:-1"},"canonical":"https:\/\/eing.co.rs\/en\/postrojenja-za-zavrsne-radove-u-gradjevinarstvu\/","og_locale":"en_US","og_type":"article","og_title":"Postrojenja za zavr\u0161ne radove u gradjevinarstvu - EING - Smederevo","og_description":"Preduze\u0107e EING daje kompletan in\u017eenjering pri izgradnji postrojenja za proizvodnju materijala za zavr\u0161ne radove u gra\u0111evinarstvu. To podrazumeva izadu tehni\u010dke dokumentacije, izradu kompletne opreme i monta\u017eu po sistemu \u201cklju\u010d u ruke\u201d.","og_url":"https:\/\/eing.co.rs\/en\/postrojenja-za-zavrsne-radove-u-gradjevinarstvu\/","og_site_name":"EING - Smederevo","article_modified_time":"2021-10-18T08:20:54+00:00","twitter_card":"summary_large_image","twitter_misc":{"Est. reading time":"1 minute"},"schema":{"@context":"https:\/\/schema.org","@graph":[{"@type":"WebSite","@id":"https:\/\/eing.co.rs\/#website","url":"https:\/\/eing.co.rs\/","name":"EING - Smederevo","description":"Dobrodo\u0161li","potentialAction":[{"@type":"SearchAction","target":{"@type":"EntryPoint","urlTemplate":"https:\/\/eing.co.rs\/?s={search_term_string}"},"query-input":"required name=search_term_string"}],"inLanguage":"en-US"},{"@type":"WebPage","@id":"https:\/\/eing.co.rs\/postrojenja-za-zavrsne-radove-u-gradjevinarstvu\/#webpage","url":"https:\/\/eing.co.rs\/postrojenja-za-zavrsne-radove-u-gradjevinarstvu\/","name":"Postrojenja za zavr\u0161ne radove u gradjevinarstvu - EING - Smederevo","isPartOf":{"@id":"https:\/\/eing.co.rs\/#website"},"datePublished":"2021-10-05T05:54:05+00:00","dateModified":"2021-10-18T08:20:54+00:00","description":"Preduze\u0107e EING daje kompletan in\u017eenjering pri izgradnji postrojenja za proizvodnju materijala za zavr\u0161ne radove u gra\u0111evinarstvu. To podrazumeva izadu tehni\u010dke dokumentacije, izradu kompletne opreme i monta\u017eu po sistemu \u201cklju\u010d u ruke\u201d.","breadcrumb":{"@id":"https:\/\/eing.co.rs\/postrojenja-za-zavrsne-radove-u-gradjevinarstvu\/#breadcrumb"},"inLanguage":"en-US","potentialAction":[{"@type":"ReadAction","target":["https:\/\/eing.co.rs\/postrojenja-za-zavrsne-radove-u-gradjevinarstvu\/"]}]},{"@type":"BreadcrumbList","@id":"https:\/\/eing.co.rs\/postrojenja-za-zavrsne-radove-u-gradjevinarstvu\/#breadcrumb","itemListElement":[{"@type":"ListItem","position":1,"name":"Home","item":"https:\/\/eing.co.rs\/"},{"@type":"ListItem","position":2,"name":"Postrojenja za zavr\u0161ne radove u gradjevinarstvu"}]}]}},"_links":{"self":[{"href":"https:\/\/eing.co.rs\/en\/wp-json\/wp\/v2\/pages\/3400","targetHints":{"allow":["GET"]}}],"collection":[{"href":"https:\/\/eing.co.rs\/en\/wp-json\/wp\/v2\/pages"}],"about":[{"href":"https:\/\/eing.co.rs\/en\/wp-json\/wp\/v2\/types\/page"}],"author":[{"embeddable":true,"href":"https:\/\/eing.co.rs\/en\/wp-json\/wp\/v2\/users\/1"}],"replies":[{"embeddable":true,"href":"https:\/\/eing.co.rs\/en\/wp-json\/wp\/v2\/comments?post=3400"}],"version-history":[{"count":8,"href":"https:\/\/eing.co.rs\/en\/wp-json\/wp\/v2\/pages\/3400\/revisions"}],"predecessor-version":[{"id":3403,"href":"https:\/\/eing.co.rs\/en\/wp-json\/wp\/v2\/pages\/3400\/revisions\/3403"}],"wp:attachment":[{"href":"https:\/\/eing.co.rs\/en\/wp-json\/wp\/v2\/media?parent=3400"}],"curies":[{"name":"wp","href":"https:\/\/api.w.org\/{rel}","templated":true}]}}