{"id":3231,"date":"2021-09-30T13:13:45","date_gmt":"2021-09-30T13:13:45","guid":{"rendered":"https:\/\/eing.co.rs\/?page_id=3231"},"modified":"2021-11-04T08:17:19","modified_gmt":"2021-11-04T08:17:19","slug":"kontakt","status":"publish","type":"page","link":"https:\/\/eing.co.rs\/en\/kontakt\/","title":{"rendered":"Contact"},"content":{"rendered":"<div data-vc-full-width=\"true\" data-vc-full-width-init=\"false\" class=\"tm-row wpb_row vc_row-fluid vc_custom_1548161324695 tm-responsive-custom-10883513 tm-zindex-0 tm-bgcolor-white tm-bgimage-position-center_center\">\n\n\t\t\n\t <div class=\"vc_row container vc_row-o-equal-height vc_row-flex\"> \t\n\t\t\n\n<div class=\"wpb_column tm-column vc_column_container vc_col-sm-5 tm-zindex-0\">\n\t<div class=\"vc_column-inner vc_custom_1548161738223 tm-col-bgcolor-skincolor tm-col-bgcolor-yes tm-responsive-custom-92489321\">\n\t\t<div class=\"tm-col-wrapper-bg-layer tm-bg-layer tm-bgimage-position-center_center\"><div class=\"tm-bg-layer-inner\"><\/div><\/div>\t\t<div class=\"wpb_wrapper\">\n\t\t\t\n<div class=\"tm-row-inner vc_row wpb_row vc_inner vc_row-fluid tm-zindex-0\">\n\t\n<div class=\"tm-contact-box wpb_column tm-column-inner vc_column_container vc_col-sm-12 tm-zindex-0\">\n\t<div class=\"vc_column-inner  tm-responsive-custom-86502181\">\n\t\t \n\t\t<div class=\"wpb_wrapper\">\n\t\t\t<h2 style=\"text-align:left;font-size:30px;line-height:34px;\" class=\"tm-custom-heading\" >Production of process equipment, production of machinery for construction, quarries and mines<\/h2>\n<h2 style=\"text-align:left;font-size:14px;line-height:20px;font-family:'Ubuntu',Arial,Helvetica;font-weight:400;\" class=\"tm-custom-heading\" >Feel free to contact us<\/h2>\n<div class=\"vc_separator wpb_content_element vc_separator_align_center vc_sep_width_100 vc_sep_pos_align_center vc_separator_no_text vc_custom_1545372978951  vc_custom_1545372978951\" ><span class=\"vc_sep_holder vc_sep_holder_l\"><span  style=\"border-color:rgb(255,255,255);border-color:rgba(255,255,255,0.25);\" class=\"vc_sep_line\"><\/span><\/span><span class=\"vc_sep_holder vc_sep_holder_r\"><span  style=\"border-color:rgb(255,255,255);border-color:rgba(255,255,255,0.25);\" class=\"vc_sep_line\"><\/span><\/span>\n<\/div><div class=\"tm-sbox tm-sbox-iconalign-before-heading none tm-sbox-bgcolor-transparent tm-bgcolor-transparent tm-sbox-textcolor- tm-textcolor- tm-sbox-isize-sm tm-sbox-isize-sm tm-sbox-istyle-boxed-outline vc_custom_1633325054832 tm-sbox-both-headings tm-0px-heading-margin\"><section class=\"tm-vc_cta3-container\"><div class=\"tm-vc_general tm-vc_cta3 tm-vc_cta3-align-left tm-vc_cta3-icon-size-sm tm-vc_cta3-icons-beforeheading tm-vc_cta3-actions-no\"><div class=\"tm-vc_cta3_content-container\"><div class=\"tm-vc_cta3-content\"><div class=\"tm-vc_cta3-content-header tm-wrap\"><div class=\"tm-vc_cta3-icons tm-wrap-cell\"><div class=\"tm-vc_icon_element tm-vc_icon_element-outer tm-vc_icon_element-align-left  tm-vc_icon_element-have-style\"><div class=\"tm-vc_icon_element-inner  tm-vc_icon_element-have-style-inner tm-vc_icon_element-color-white tm-vc_icon_element-size-sm tm-vc_icon_element-style-boxed-outline tm-vc_icon_element-outline tm-vc_icon_element-background-color-white\" ><span class=\"tm-vc_icon_element-icon fa fa-map-marker\" ><\/span><\/div><\/div><\/div><div class=\"tm-vc_cta3-headers tm-wrap-cell\"><h2 style=\"font-size:20px;line-height:28px;font-family:'Saira',Arial,Helvetica;font-weight:500;\" class=\"tm-custom-heading\" >\u0160alina\u010dka bb, Smederevo<\/h2>\n<h4 style=\"font-size:14px;line-height:18px;font-family:'Ubuntu',Arial,Helvetica;font-weight:400;\" class=\"tm-custom-heading\" >Serbia<\/h4>\n<\/div><\/div><\/div><div class=\"tm-cta3-desc-btn-wrapper\"><div class=\"tm-cta3-description\"><\/div><\/div><\/div><\/div><\/section><\/div><div class=\"tm-sbox tm-sbox-iconalign-before-heading none tm-sbox-bgcolor-transparent tm-bgcolor-transparent tm-sbox-textcolor- tm-textcolor- tm-sbox-isize-sm tm-sbox-isize-sm tm-sbox-istyle-boxed-outline vc_custom_1633325085435 tm-sbox-both-headings tm-0px-heading-margin\"><section class=\"tm-vc_cta3-container\"><div class=\"tm-vc_general tm-vc_cta3 tm-vc_cta3-align-left tm-vc_cta3-icon-size-sm tm-vc_cta3-icons-beforeheading tm-vc_cta3-actions-no\"><div class=\"tm-vc_cta3_content-container\"><div class=\"tm-vc_cta3-content\"><div class=\"tm-vc_cta3-content-header tm-wrap\"><div class=\"tm-vc_cta3-icons tm-wrap-cell\"><div class=\"tm-vc_icon_element tm-vc_icon_element-outer tm-vc_icon_element-align-left  tm-vc_icon_element-have-style\"><div class=\"tm-vc_icon_element-inner  tm-vc_icon_element-have-style-inner tm-vc_icon_element-color-white tm-vc_icon_element-size-sm tm-vc_icon_element-style-boxed-outline tm-vc_icon_element-outline tm-vc_icon_element-background-color-white\" ><span class=\"tm-vc_icon_element-icon fa fa-envelope-o\" ><\/span><\/div><\/div><\/div><div class=\"tm-vc_cta3-headers tm-wrap-cell\"><h2 style=\"font-size:20px;line-height:28px;font-family:'Saira',Arial,Helvetica;font-weight:500;\" class=\"tm-custom-heading\" >office@eing.co.rs<\/h2>\n<h4 style=\"font-size:14px;line-height:18px;font-family:'Ubuntu',Arial,Helvetica;font-weight:400;\" class=\"tm-custom-heading\" >Need help? Write us<\/h4>\n<\/div><\/div><\/div><div class=\"tm-cta3-desc-btn-wrapper\"><div class=\"tm-cta3-description\"><\/div><\/div><\/div><\/div><\/section><\/div><div class=\"tm-sbox tm-sbox-iconalign-before-heading none tm-sbox-bgcolor-transparent tm-bgcolor-transparent tm-sbox-textcolor- tm-textcolor- tm-sbox-isize-sm tm-sbox-isize-sm tm-sbox-istyle-boxed-outline vc_custom_1633325125099 tm-sbox-both-headings tm-0px-heading-margin\"><section class=\"tm-vc_cta3-container\"><div class=\"tm-vc_general tm-vc_cta3 tm-vc_cta3-align-left tm-vc_cta3-icon-size-sm tm-vc_cta3-icons-beforeheading tm-vc_cta3-actions-no\"><div class=\"tm-vc_cta3_content-container\"><div class=\"tm-vc_cta3-content\"><div class=\"tm-vc_cta3-content-header tm-wrap\"><div class=\"tm-vc_cta3-icons tm-wrap-cell\"><div class=\"tm-vc_icon_element tm-vc_icon_element-outer tm-vc_icon_element-align-left  tm-vc_icon_element-have-style\"><div class=\"tm-vc_icon_element-inner  tm-vc_icon_element-have-style-inner tm-vc_icon_element-color-white tm-vc_icon_element-size-sm tm-vc_icon_element-style-boxed-outline tm-vc_icon_element-outline tm-vc_icon_element-background-color-white\" ><span class=\"tm-vc_icon_element-icon fa fa-phone\" ><\/span><\/div><\/div><\/div><div class=\"tm-vc_cta3-headers tm-wrap-cell\"><h2 style=\"font-size:20px;line-height:28px;font-family:'Saira',Arial,Helvetica;font-weight:500;\" class=\"tm-custom-heading\" >+381 (0)26 4103908 \/ +381 (0)26 4103901<\/h2>\n<h4 style=\"font-size:14px;line-height:18px;font-family:'Ubuntu',Arial,Helvetica;font-weight:400;\" class=\"tm-custom-heading\" >Have a question? Call us<\/h4>\n<\/div><\/div><\/div><div class=\"tm-cta3-desc-btn-wrapper\"><div class=\"tm-cta3-description\"><\/div><\/div><\/div><\/div><\/section><\/div><div class=\"tm-sbox tm-sbox-iconalign-before-heading none tm-sbox-bgcolor-transparent tm-bgcolor-transparent tm-sbox-textcolor- tm-textcolor- tm-sbox-isize-sm tm-sbox-isize-sm tm-sbox-istyle-boxed-outline vc_custom_1633325187129 tm-sbox-both-headings tm-0px-heading-margin\"><section class=\"tm-vc_cta3-container\"><div class=\"tm-vc_general tm-vc_cta3 tm-vc_cta3-align-left tm-vc_cta3-icon-size-sm tm-vc_cta3-icons-beforeheading tm-vc_cta3-actions-no\"><div class=\"tm-vc_cta3_content-container\"><div class=\"tm-vc_cta3-content\"><div class=\"tm-vc_cta3-content-header tm-wrap\"><div class=\"tm-vc_cta3-icons tm-wrap-cell\"><div class=\"tm-vc_icon_element tm-vc_icon_element-outer tm-vc_icon_element-align-left  tm-vc_icon_element-have-style\"><div class=\"tm-vc_icon_element-inner  tm-vc_icon_element-have-style-inner tm-vc_icon_element-color-white tm-vc_icon_element-size-sm tm-vc_icon_element-style-boxed-outline tm-vc_icon_element-outline tm-vc_icon_element-background-color-white\" ><span class=\"tm-vc_icon_element-icon fa fa-clock-o\" ><\/span><\/div><\/div><\/div><div class=\"tm-vc_cta3-headers tm-wrap-cell\"><h2 style=\"font-size:20px;line-height:28px;font-family:'Saira',Arial,Helvetica;font-weight:500;\" class=\"tm-custom-heading\" >Mon-Fri 08:15h \/ Weekend - CLOSED<\/h2>\n<h4 style=\"font-size:14px;line-height:18px;font-family:'Ubuntu',Arial,Helvetica;font-weight:400;\" class=\"tm-custom-heading\" >Work hours<\/h4>\n<\/div><\/div><\/div><div class=\"tm-cta3-desc-btn-wrapper\"><div class=\"tm-cta3-description\"><\/div><\/div><\/div><\/div><\/section><\/div><div class=\"vc_separator wpb_content_element vc_separator_align_center vc_sep_width_100 vc_sep_pos_align_center vc_separator_no_text vc_custom_1548141899386  vc_custom_1548141899386\" ><span class=\"vc_sep_holder vc_sep_holder_l\"><span  style=\"border-color:rgb(255,255,255);border-color:rgba(255,255,255,0.25);\" class=\"vc_sep_line\"><\/span><\/span><span class=\"vc_sep_holder vc_sep_holder_r\"><span  style=\"border-color:rgb(255,255,255);border-color:rgba(255,255,255,0.25);\" class=\"vc_sep_line\"><\/span><\/span>\n<\/div>\n\t<div class=\"wpb_text_column wpb_content_element  vc_custom_1545627718346\" >\n\t\t<div class=\"wpb_wrapper\">\n\t\t\t<div class=\"themetechmount-social-links-wrapper\"><ul class=\"social-icons\"><li class=\"tm-social-facebook\"><a class=\"tooltip-top\" target=\"_blank\" href=\"https:\/\/www.facebook.com\/EINGsd\/\" data-tooltip=\"Facebook\"><i class=\"tm-brivona-icon-facebook\"><\/i><\/a><\/li>\n<li class=\"tm-social-instagram\"><a class=\"tooltip-top\" target=\"_blank\" href=\"https:\/\/www.instagram.com\/eing_doo.smederevo\/\" data-tooltip=\"Instagram\"><i class=\"tm-brivona-icon-instagram\"><\/i><\/a><\/li>\n<li class=\"tm-social-linkedin\"><a class=\"tooltip-top\" target=\"_blank\" href=\"https:\/\/www.linkedin.com\/company\/34640485\/admin\/\" data-tooltip=\"LinkedIn\"><i class=\"tm-brivona-icon-linkedin\"><\/i><\/a><\/li>\n<li class=\"tm-social-youtube\"><a class=\"tooltip-top\" target=\"_blank\" href=\"#\" data-tooltip=\"YouTube\"><i class=\"tm-brivona-icon-youtube\"><\/i><\/a><\/li>\n<\/ul><\/div>\n\n\t\t<\/div>\n\t<\/div>\n\t\t<\/div>\n\t<\/div>\n<\/div>\n\n<\/div>\n\n\t\t<\/div>\n\t<\/div>\n<\/div>\n\n\n\n\n\n<div class=\"wpb_column tm-column vc_column_container vc_col-sm-7 tm-zindex-0\">\n\t<div class=\"vc_column-inner vc_custom_1548161836669 tm-col-bgcolor-grey tm-col-bgcolor-yes tm-responsive-custom-10776816\">\n\t\t<div class=\"tm-col-wrapper-bg-layer tm-bg-layer tm-bgimage-position-center_center\"><div class=\"tm-bg-layer-inner\"><\/div><\/div>\t\t<div class=\"wpb_wrapper\">\n\t\t\t\n<div class=\"tm-row-inner vc_row wpb_row vc_inner vc_row-fluid tm-zindex-0\">\n\t\n<div class=\"wpb_column tm-column-inner vc_column_container vc_col-sm-12 tm-zindex-0\">\n\t<div class=\"vc_column-inner  tm-responsive-custom-55178778\">\n\t\t \n\t\t<div class=\"wpb_wrapper\">\n\t\t\t<div class=\"tm-element-heading-wrapper tm-heading-inner tm-element-align-left tm-seperator-none tm-heading-style-vertical  vc_custom_1633325287212\"><section class=\"tm-vc_cta3-container\"><div class=\"tm-vc_general tm-vc_cta3 tm-cta3-only tm-vc_cta3-style-classic tm-vc_cta3-shape-rounded tm-vc_cta3-align-left tm-vc_cta3-color-transparent tm-vc_cta3-icon-size-md tm-vc_cta3-actions-no tm-cta3-with-desc\"><div class=\"tm-vc_cta3_content-container\"><div class=\"tm-vc_cta3-content\"><header class=\"tm-vc_cta3-content-header tm-wrap\"><div class=\"tm-vc_cta3-headers tm-wrap-cell\"><h4 class=\"tm-custom-heading\" >EING - SMEDEREVO - SERBIA<\/h4>\n<h2 class=\"tm-custom-heading\" >Contact form<\/h2>\n<\/div><div class=\"heading-seperator\"><span><\/span><\/div><\/header><div class=\"tm-cta3-content-wrapper\"><p>For more information about our production program as well as additional questions, we are at your disposal<\/p><\/div><\/div><\/div><\/div><\/section><\/div> <!-- .tm-element-heading-wrapper container --> <div role=\"form\" class=\"wpcf7\" id=\"wpcf7-f1937-o1\" lang=\"en-US\" dir=\"ltr\">\n<div class=\"screen-reader-response\"><p role=\"status\" aria-live=\"polite\" aria-atomic=\"true\"><\/p> <ul><\/ul><\/div>\n<form action=\"\/en\/wp-json\/wp\/v2\/pages\/3231#wpcf7-f1937-o1\" method=\"post\" class=\"wpcf7-form init\" novalidate=\"novalidate\" data-status=\"init\" data-trp-original-action=\"\/en\/wp-json\/wp\/v2\/pages\/3231#wpcf7-f1937-o1\">\n<div style=\"display: none;\">\n<input type=\"hidden\" name=\"_wpcf7\" value=\"1937\" \/>\n<input type=\"hidden\" name=\"_wpcf7_version\" value=\"5.5.3\" \/>\n<input type=\"hidden\" name=\"_wpcf7_locale\" value=\"en_US\" \/>\n<input type=\"hidden\" name=\"_wpcf7_unit_tag\" value=\"wpcf7-f1937-o1\" \/>\n<input type=\"hidden\" name=\"_wpcf7_container_post\" value=\"0\" \/>\n<input type=\"hidden\" name=\"_wpcf7_posted_data_hash\" value=\"\" \/>\n<\/div>\n<div class=\"tm-contactform tm-commonform\">\n<div class=\"row\">\n<div class=\"col-xs-12\">\n<div class=\"field-group\"><i class=\"ti-user\"><\/i><span class=\"wpcf7-form-control-wrap your-name\"><input type=\"text\" name=\"your-name\" value=\"\" size=\"40\" class=\"wpcf7-form-control wpcf7-text wpcf7-validates-as-required\" aria-required=\"true\" aria-invalid=\"false\" placeholder=\"Your name\" \/><\/span><\/div>\n<\/div>\n<div class=\"col-xs-12\">\n<div class=\"field-group\"><i class=\"ti-mobile\"><\/i><span class=\"wpcf7-form-control-wrap your-phone\"><input type=\"text\" name=\"your-phone\" value=\"\" size=\"40\" class=\"wpcf7-form-control wpcf7-text wpcf7-validates-as-required\" aria-required=\"true\" aria-invalid=\"false\" placeholder=\"Phone\" \/><\/span><\/div>\n<\/div>\n<div class=\"col-xs-12\">\n<div class=\"field-group\"><i class=\"ti-email\"><\/i><span class=\"wpcf7-form-control-wrap your-email\"><input type=\"email\" name=\"your-email\" value=\"\" size=\"40\" class=\"wpcf7-form-control wpcf7-text wpcf7-email wpcf7-validates-as-required wpcf7-validates-as-email\" aria-required=\"true\" aria-invalid=\"false\" placeholder=\"Email\" \/><\/span><\/div>\n<\/div>\n<div class=\"col-xs-12\">\n<div class=\"field-group\"><i class=\"ti-pencil\"><\/i><span class=\"wpcf7-form-control-wrap your-email\"><input type=\"text\" name=\"your-email\" value=\"\" size=\"40\" class=\"wpcf7-form-control wpcf7-text wpcf7-validates-as-required\" aria-required=\"true\" aria-invalid=\"false\" placeholder=\"Subject\" \/><\/span><\/div>\n<\/div>\n<\/div>\n<div class=\"row\">\n<div class=\"col-xs-12 col-sm-12\">\n<div class=\"field-group\"><i class=\"ti-comment\"><\/i><span class=\"wpcf7-form-control-wrap message\"><textarea name=\"message\" cols=\"40\" rows=\"10\" class=\"wpcf7-form-control wpcf7-textarea wpcf7-validates-as-required\" aria-required=\"true\" aria-invalid=\"false\" placeholder=\"Message\"><\/textarea><\/span><\/div>\n<\/div>\n<\/div>\n<div class=\"row\">\n<div class=\"col-xs-12 col-sm-12 tm-book-submitbt\"><input type=\"submit\" value=\"SEND MESSAGE\" class=\"wpcf7-form-control has-spinner wpcf7-submit tm-vc_general tm-vc_btn3 tm-vc_btn3-style-flat tm-vc_btn3-size-md tm-vc_btn3-color-skincolor\" \/><\/div>\n<\/div>\n<\/div>\n<div class=\"wpcf7-response-output\" aria-hidden=\"true\"><\/div><input type=\"hidden\" name=\"trp-form-language\" value=\"en\"\/><\/form><\/div>\t\t<\/div>\n\t<\/div>\n<\/div>\n\n<\/div>\n\n\t\t<\/div>\n\t<\/div>\n<\/div>\n\n\n\n\t\t\n\t <\/div> <\/div>\n\n\n<div class=\"vc_row-full-width vc_clearfix\"><\/div>\n\n\n\n\n\n\n\n\n<div class=\"tm-row wpb_row vc_row-fluid tm-zindex-0 vc_row container tm-bgimage-position-center_center\">\n\n\t\t\n\t\t\n\t\t\n\n<div class=\"wpb_column tm-column vc_column_container vc_col-sm-12 tm-zindex-0\">\n\t<div class=\"vc_column-inner\">\n\t\t\t\t<div class=\"wpb_wrapper\">\n\t\t\t<div class=\"vc_empty_space\"   style=\"height: 100px\"><span class=\"vc_empty_space_inner\"><\/span><\/div>\t\t<\/div>\n\t<\/div>\n<\/div>\n\n\n\n\t\t\n\t<\/div>\n\n\n\n\n\n\n\n\n\n\n\n<div data-vc-full-width=\"true\" data-vc-full-width-init=\"false\" data-vc-stretch-content=\"true\" class=\"tm-row wpb_row vc_row-fluid vc_custom_1545628118679 tm-responsive-custom-60998121 break-991-colum tm-zindex-0 tm-bgimage-position-center_center vc_row\">\n\n\t\t\n\t\t\n\t\t\n\n<div class=\"wpb_column tm-column vc_column_container vc_col-sm-12 tm-zindex-0\">\n\t<div class=\"vc_column-inner vc_custom_1545723808093 tm-responsive-custom-60134626\">\n\t\t\t\t<div class=\"wpb_wrapper\">\n\t\t\t<div class=\"wpb_gmaps_widget wpb_content_element vc_custom_1636013834073\"><div class=\"wpb_wrapper\"><div class=\"wpb_map_wraper\"><iframe src=\"https:\/\/www.google.com\/maps\/embed?pb=!1m14!1m8!1m3!1d11350.133455513243!2d20.9469283!3d44.6678847!3m2!1i1024!2i768!4f13.1!3m3!1m2!1s0x0%3A0x2ff7f923d0006e49!2sEING%20d.o.o!5e0!3m2!1ssr!2srs!4v1636013817716!5m2!1ssr!2srs\" width=\"100%\" height=\"450\" style=\"border:0;\" allowfullscreen=\"\" loading=\"lazy\"><\/iframe><\/div><\/div><\/div>\t\t<\/div>\n\t<\/div>\n<\/div>\n\n\n\n\t\t\n\t<\/div>\n\n\n<div class=\"vc_row-full-width vc_clearfix\"><\/div>","protected":false},"excerpt":{"rendered":"Proizvodnja procesne opreme, proizvodnja ma\u0161ina za gra\u0111evinarstvo, kamenolome i rudnike Budite slobodni da nas kontaktirate \u0160alina\u010dka bb, Smederevo Srbija office@eing.co.rs Trebate pomo\u0107? Pi\u0161ite nam +381 (0)26 4103908 \/ +381 (0)26 4103901 Imate pitanje? Pozovite nas Pon-Pet 08:15h \/ Vikend - ZATVORENO Radno vreme EING - SMEDEREVO - SRBIJA Kontakt forma Za vi\u0161e informacijma o na\u0161em &hellip; <a href=\"https:\/\/eing.co.rs\/en\/kontakt\/\" class=\"more-link\">Continue reading <span class=\"screen-reader-text\">Contact<\/span><\/a>","protected":false},"author":1,"featured_media":0,"parent":0,"menu_order":0,"comment_status":"closed","ping_status":"closed","template":"","meta":{"footnotes":""},"class_list":["post-3231","page","type-page","status-publish","hentry"],"yoast_head":"<!-- This site is optimized with the Yoast SEO plugin v17.9 - https:\/\/yoast.com\/wordpress\/plugins\/seo\/ -->\n<title>Kontakt - EING - Smederevo<\/title>\n<meta name=\"description\" content=\"Za vi\u0161e informacijma o na\u0161em proizvodnom programu kao i o dodatnim pitanjima, stojimo nam va raspolaganju\" \/>\n<meta name=\"robots\" content=\"index, follow, max-snippet:-1, max-image-preview:large, max-video-preview:-1\" \/>\n<link rel=\"canonical\" href=\"https:\/\/eing.co.rs\/en\/kontakt\/\" \/>\n<meta property=\"og:locale\" content=\"en_US\" \/>\n<meta property=\"og:type\" content=\"article\" \/>\n<meta property=\"og:title\" content=\"Kontakt - EING - Smederevo\" \/>\n<meta property=\"og:description\" content=\"Za vi\u0161e informacijma o na\u0161em proizvodnom programu kao i o dodatnim pitanjima, stojimo nam va raspolaganju\" \/>\n<meta property=\"og:url\" content=\"https:\/\/eing.co.rs\/en\/kontakt\/\" \/>\n<meta property=\"og:site_name\" content=\"EING - Smederevo\" \/>\n<meta property=\"article:modified_time\" content=\"2021-11-04T08:17:19+00:00\" \/>\n<meta name=\"twitter:card\" content=\"summary_large_image\" \/>\n<meta name=\"twitter:label1\" content=\"Est. reading time\" \/>\n\t<meta name=\"twitter:data1\" content=\"5 minutes\" \/>\n<script type=\"application\/ld+json\" class=\"yoast-schema-graph\">{\"@context\":\"https:\/\/schema.org\",\"@graph\":[{\"@type\":\"WebSite\",\"@id\":\"https:\/\/eing.co.rs\/#website\",\"url\":\"https:\/\/eing.co.rs\/\",\"name\":\"EING - Smederevo\",\"description\":\"Dobrodo\\u0161li\",\"potentialAction\":[{\"@type\":\"SearchAction\",\"target\":{\"@type\":\"EntryPoint\",\"urlTemplate\":\"https:\/\/eing.co.rs\/?s={search_term_string}\"},\"query-input\":\"required name=search_term_string\"}],\"inLanguage\":\"en-US\"},{\"@type\":\"WebPage\",\"@id\":\"https:\/\/eing.co.rs\/kontakt\/#webpage\",\"url\":\"https:\/\/eing.co.rs\/kontakt\/\",\"name\":\"Kontakt - EING - Smederevo\",\"isPartOf\":{\"@id\":\"https:\/\/eing.co.rs\/#website\"},\"datePublished\":\"2021-09-30T13:13:45+00:00\",\"dateModified\":\"2021-11-04T08:17:19+00:00\",\"description\":\"Za vi\\u0161e informacijma o na\\u0161em proizvodnom programu kao i o dodatnim pitanjima, stojimo nam va raspolaganju\",\"breadcrumb\":{\"@id\":\"https:\/\/eing.co.rs\/kontakt\/#breadcrumb\"},\"inLanguage\":\"en-US\",\"potentialAction\":[{\"@type\":\"ReadAction\",\"target\":[\"https:\/\/eing.co.rs\/kontakt\/\"]}]},{\"@type\":\"BreadcrumbList\",\"@id\":\"https:\/\/eing.co.rs\/kontakt\/#breadcrumb\",\"itemListElement\":[{\"@type\":\"ListItem\",\"position\":1,\"name\":\"Home\",\"item\":\"https:\/\/eing.co.rs\/\"},{\"@type\":\"ListItem\",\"position\":2,\"name\":\"Kontakt\"}]}]}<\/script>\n<!-- \/ Yoast SEO plugin. -->","yoast_head_json":{"title":"Kontakt - EING - Smederevo","description":"Za vi\u0161e informacijma o na\u0161em proizvodnom programu kao i o dodatnim pitanjima, stojimo nam va raspolaganju","robots":{"index":"index","follow":"follow","max-snippet":"max-snippet:-1","max-image-preview":"max-image-preview:large","max-video-preview":"max-video-preview:-1"},"canonical":"https:\/\/eing.co.rs\/en\/kontakt\/","og_locale":"en_US","og_type":"article","og_title":"Kontakt - EING - Smederevo","og_description":"Za vi\u0161e informacijma o na\u0161em proizvodnom programu kao i o dodatnim pitanjima, stojimo nam va raspolaganju","og_url":"https:\/\/eing.co.rs\/en\/kontakt\/","og_site_name":"EING - Smederevo","article_modified_time":"2021-11-04T08:17:19+00:00","twitter_card":"summary_large_image","twitter_misc":{"Est. reading time":"5 minutes"},"schema":{"@context":"https:\/\/schema.org","@graph":[{"@type":"WebSite","@id":"https:\/\/eing.co.rs\/#website","url":"https:\/\/eing.co.rs\/","name":"EING - Smederevo","description":"Dobrodo\u0161li","potentialAction":[{"@type":"SearchAction","target":{"@type":"EntryPoint","urlTemplate":"https:\/\/eing.co.rs\/?s={search_term_string}"},"query-input":"required name=search_term_string"}],"inLanguage":"en-US"},{"@type":"WebPage","@id":"https:\/\/eing.co.rs\/kontakt\/#webpage","url":"https:\/\/eing.co.rs\/kontakt\/","name":"Kontakt - EING - Smederevo","isPartOf":{"@id":"https:\/\/eing.co.rs\/#website"},"datePublished":"2021-09-30T13:13:45+00:00","dateModified":"2021-11-04T08:17:19+00:00","description":"Za vi\u0161e informacijma o na\u0161em proizvodnom programu kao i o dodatnim pitanjima, stojimo nam va raspolaganju","breadcrumb":{"@id":"https:\/\/eing.co.rs\/kontakt\/#breadcrumb"},"inLanguage":"en-US","potentialAction":[{"@type":"ReadAction","target":["https:\/\/eing.co.rs\/kontakt\/"]}]},{"@type":"BreadcrumbList","@id":"https:\/\/eing.co.rs\/kontakt\/#breadcrumb","itemListElement":[{"@type":"ListItem","position":1,"name":"Home","item":"https:\/\/eing.co.rs\/"},{"@type":"ListItem","position":2,"name":"Kontakt"}]}]}},"_links":{"self":[{"href":"https:\/\/eing.co.rs\/en\/wp-json\/wp\/v2\/pages\/3231","targetHints":{"allow":["GET"]}}],"collection":[{"href":"https:\/\/eing.co.rs\/en\/wp-json\/wp\/v2\/pages"}],"about":[{"href":"https:\/\/eing.co.rs\/en\/wp-json\/wp\/v2\/types\/page"}],"author":[{"embeddable":true,"href":"https:\/\/eing.co.rs\/en\/wp-json\/wp\/v2\/users\/1"}],"replies":[{"embeddable":true,"href":"https:\/\/eing.co.rs\/en\/wp-json\/wp\/v2\/comments?post=3231"}],"version-history":[{"count":5,"href":"https:\/\/eing.co.rs\/en\/wp-json\/wp\/v2\/pages\/3231\/revisions"}],"predecessor-version":[{"id":3667,"href":"https:\/\/eing.co.rs\/en\/wp-json\/wp\/v2\/pages\/3231\/revisions\/3667"}],"wp:attachment":[{"href":"https:\/\/eing.co.rs\/en\/wp-json\/wp\/v2\/media?parent=3231"}],"curies":[{"name":"wp","href":"https:\/\/api.w.org\/{rel}","templated":true}]}}